{"id":178,"date":"2025-02-11T16:09:21","date_gmt":"2025-02-11T19:09:21","guid":{"rendered":"https:\/\/www.graduados.unt.edu.ar\/?page_id=178"},"modified":"2025-10-17T09:57:26","modified_gmt":"2025-10-17T12:57:26","slug":"mapa-graduados","status":"publish","type":"page","link":"https:\/\/www.graduados.unt.edu.ar\/index.php\/mapa-graduados\/","title":{"rendered":"Mapa Graduados"},"content":{"rendered":"\n<p>Este mapa presenta la distribuci\u00f3n geogr\u00e1fica de los <strong>graduados de la Universidad Nacional de Tucum\u00e1n<\/strong> (UNT) de nivel superior registrados, ofreciendo una visualizaci\u00f3n accesible y actualizada de su ubicaci\u00f3n. <strong>Cada t\u00edtulo acad\u00e9mico incluido (perteneciente a la UNT) ha sido verificado<\/strong> mediante los registros oficiales de la Direcci\u00f3n General de T\u00edtulos de la UNT y los registros nacionales del Ministerio de Educaci\u00f3n de Argentina, garantizando la autenticidad y validez de la informaci\u00f3n presentada.<\/p>\n\n\n\n<p>Los datos complementarios incorporados en cada perfil (tales como descripciones profesionales, antecedentes de formaci\u00f3n de posgrado u otra informaci\u00f3n adicional no verificada por la UNT) han sido provistos directamente por el\/la graduado\/a. En tal sentido, su inclusi\u00f3n reviste car\u00e1cter de declaraci\u00f3n jurada, siendo responsabilidad exclusiva del\/la declarante la veracidad, integridad y actualizaci\u00f3n de los datos consignados.<\/p>\n\n\n\n<p><\/p>\n\n\n\n<p><\/p>\n\n\n\n<iframe loading=\"lazy\" src=\"https:\/\/www.google.com\/maps\/d\/embed?mid=1rO_8PNyDXCQUfXgi3jgLZaP5WBSyrMs&#038;ehbc=2E312F&#038;noprof=1\" width=\"980\" height=\"520\"><\/iframe>\n\n\n\n<p><\/p>\n","protected":false},"excerpt":{"rendered":"<p>Este mapa presenta la distribuci\u00f3n geogr\u00e1fica de los graduados de la Universidad Nacional de Tucum\u00e1n (UNT) de nivel superior registrados, ofreciendo una visualizaci\u00f3n accesible y actualizada de su ubicaci\u00f3n. Cada t\u00edtulo acad\u00e9mico incluido (perteneciente a la UNT) ha sido verificado mediante los registros oficiales de la Direcci\u00f3n General de T\u00edtulos de la UNT y los &hellip; <a href=\"https:\/\/www.graduados.unt.edu.ar\/index.php\/mapa-graduados\/\" class=\"more-link\">Continue reading <span class=\"screen-reader-text\">Mapa Graduados<\/span> <span class=\"meta-nav\">&rarr;<\/span><\/a><\/p>\n","protected":false},"author":1,"featured_media":0,"parent":0,"menu_order":0,"comment_status":"closed","ping_status":"closed","template":"","meta":{"footnotes":""},"class_list":["post-178","page","type-page","status-publish","hentry"],"_links":{"self":[{"href":"https:\/\/www.graduados.unt.edu.ar\/index.php\/wp-json\/wp\/v2\/pages\/178"}],"collection":[{"href":"https:\/\/www.graduados.unt.edu.ar\/index.php\/wp-json\/wp\/v2\/pages"}],"about":[{"href":"https:\/\/www.graduados.unt.edu.ar\/index.php\/wp-json\/wp\/v2\/types\/page"}],"author":[{"embeddable":true,"href":"https:\/\/www.graduados.unt.edu.ar\/index.php\/wp-json\/wp\/v2\/users\/1"}],"replies":[{"embeddable":true,"href":"https:\/\/www.graduados.unt.edu.ar\/index.php\/wp-json\/wp\/v2\/comments?post=178"}],"version-history":[{"count":15,"href":"https:\/\/www.graduados.unt.edu.ar\/index.php\/wp-json\/wp\/v2\/pages\/178\/revisions"}],"predecessor-version":[{"id":1930,"href":"https:\/\/www.graduados.unt.edu.ar\/index.php\/wp-json\/wp\/v2\/pages\/178\/revisions\/1930"}],"wp:attachment":[{"href":"https:\/\/www.graduados.unt.edu.ar\/index.php\/wp-json\/wp\/v2\/media?parent=178"}],"curies":[{"name":"wp","href":"https:\/\/api.w.org\/{rel}","templated":true}]}}